{"id":491,"date":"2016-12-14T09:07:19","date_gmt":"2016-12-14T08:07:19","guid":{"rendered":"https:\/\/www.campingdelaplage-ardeche.com\/loisirs-sur-place\/"},"modified":"2026-03-18T13:33:35","modified_gmt":"2026-03-18T12:33:35","slug":"freizeitangebote-vor-ort","status":"publish","type":"page","link":"https:\/\/www.campingdelaplage-ardeche.com\/de\/freizeitangebote-vor-ort\/","title":{"rendered":"Freizeitangebote vor Ort"},"content":{"rendered":"<p><div class=\"fusion-fullwidth fullwidth-box fusion-builder-row-1 nonhundred-percent-fullwidth non-hundred-percent-height-scrolling\" style=\"background-color: rgba(255,255,255,0);background-position: center center;background-repeat: no-repeat;padding-top:20px;padding-right:0px;padding-bottom:20px;padding-left:0px;margin-bottom: 0px;margin-top: 0px;border-width: 0px 0px 0px 0px;border-color:#eae9e9;border-style:solid;\" ><div class=\"fusion-builder-row fusion-row\"><div class=\"fusion-layout-column fusion_builder_column fusion-builder-column-0 fusion_builder_column_1_1 1_1 fusion-one-full fusion-column-first fusion-column-last\" style=\"margin-top:0px;margin-bottom:20px;\"><div class=\"fusion-column-wrapper fusion-flex-column-wrapper-legacy\" style=\"background-position:left top;background-repeat:no-repeat;-webkit-background-size:cover;-moz-background-size:cover;-o-background-size:cover;background-size:cover;padding: 0px 0px 0px 0px;\"><style type=\"text\/css\"><\/style><div class=\"fusion-title title fusion-title-1 sep-underline sep-solid fusion-title-text fusion-title-size-one\" style=\"border-bottom-color:#fffcfc;margin-top:0px;margin-right:0px;margin-bottom:31px;margin-left:0px;\"><h1 class=\"title-heading-left\" style=\"margin:0;\">Freizeitangebote vor Ort<\/h1><\/div><div class=\"fusion-text fusion-text-1\"><p>Entspannen Sie sich auf dem Camping de la Plage, am\u00fcsieren Sie sich und ge-nie\u00dfen Sie ganz einfach Ihre Ferien !<\/p>\n<p>Jeder kann sich je nach Lust und Laune sein eigenes Programm zusammen-stellen und die Zeit mit Baden, Spielen, Wettk\u00e4mpfen oder Kanufahrten ver-bringen.<\/p>\n<\/div><div class=\"fusion-clearfix\"><\/div><\/div><\/div><\/div><\/div><div class=\"fusion-fullwidth fullwidth-box fusion-builder-row-2 nonhundred-percent-fullwidth non-hundred-percent-height-scrolling fusion-equal-height-columns\" style=\"background-color: rgba(255,255,255,0);background-position: center center;background-repeat: no-repeat;padding-top:0px;padding-right:0px;padding-bottom:0px;padding-left:0px;border-width: 0px 0px 0px 0px;border-color:#eae9e9;border-style:solid;\" ><div class=\"fusion-builder-row fusion-row\"><div class=\"fusion-layout-column fusion_builder_column fusion-builder-column-1 fusion_builder_column_1_2 1_2 fusion-one-half fusion-column-first bloc-border\" style=\"-;width:50%;width:calc(50% - ( ( 4% ) * 0.5 ) ); margin-right: 4%;margin-top:0px;margin-bottom:20px;\"><div class=\"fusion-column-wrapper fusion-flex-column-wrapper-legacy\" style=\"background-position:left top;background-repeat:no-repeat;-webkit-background-size:cover;-moz-background-size:cover;-o-background-size:cover;background-size:cover;padding: 0px 0px 0px 0px;\"><style type=\"text\/css\"><\/style><div class=\"fusion-title title fusion-title-2 sep-underline sep-solid fusion-title-text fusion-title-size-two\" style=\"border-bottom-color:#fffcfc;margin-top:0px;margin-right:0px;margin-bottom:31px;margin-left:0px;\"><h2 class=\"title-heading-left\" style=\"margin:0;\">Swimmingpool<\/h2><\/div><div class=\"fusion-text fusion-text-2\"><ul>\n<li>Grosses Schwimmbecken und Planschbecken f\u00fcr die kleinen Knirpse.<\/li>\n<li>Liegest\u00fchle.<\/li>\n<li>Ge\u00f6ffnet ab dem 1. Mai, von 10 bis 19 Uhr.<\/li>\n<\/ul>\n<\/div><span class=\" fusion-imageframe imageframe-none imageframe-1 hover-type-none\"><a href=\"https:\/\/www.campingdelaplage-ardeche.com\/wp-content\/uploads\/piscine01.jpg\" class=\"fusion-lightbox\" data-rel=\"iLightbox[loisirssurplace]\" data-title=\"La piscine\" title=\"La piscine\"><img decoding=\"async\" width=\"300\" height=\"200\" src=\"https:\/\/www.campingdelaplage-ardeche.com\/wp-content\/uploads\/piscine01-300x200.jpg\" alt class=\"img-responsive wp-image-753\" srcset=\"https:\/\/www.campingdelaplage-ardeche.com\/wp-content\/uploads\/piscine01-200x133.jpg 200w, https:\/\/www.campingdelaplage-ardeche.com\/wp-content\/uploads\/piscine01-400x266.jpg 400w, https:\/\/www.campingdelaplage-ardeche.com\/wp-content\/uploads\/piscine01-600x400.jpg 600w, https:\/\/www.campingdelaplage-ardeche.com\/wp-content\/uploads\/piscine01-800x533.jpg 800w, https:\/\/www.campingdelaplage-ardeche.com\/wp-content\/uploads\/piscine01.jpg 1000w\" sizes=\"(max-width: 1000px) 100vw, 800px\" \/><\/a><\/span><div class=\"fusion-clearfix\"><\/div><\/div><\/div><div class=\"fusion-layout-column fusion_builder_column fusion-builder-column-2 fusion_builder_column_1_2 1_2 fusion-one-half fusion-column-last bloc-border\" style=\"width:50%;width:calc(50% - ( ( 4% ) * 0.5 ) );margin-top:0px;margin-bottom:20px;\"><div class=\"fusion-column-wrapper fusion-flex-column-wrapper-legacy\" style=\"background-position:left top;background-repeat:no-repeat;-webkit-background-size:cover;-moz-background-size:cover;-o-background-size:cover;background-size:cover;padding: 0px 0px 0px 0px;\"><style type=\"text\/css\"><\/style><div class=\"fusion-title title fusion-title-3 sep-underline sep-solid fusion-title-text fusion-title-size-two\" style=\"border-bottom-color:#fffcfc;margin-top:0px;margin-right:0px;margin-bottom:31px;margin-left:0px;\"><h2 class=\"title-heading-left\" style=\"margin:0;\">Fluss<\/h2><\/div><div class=\"fusion-text fusion-text-3\"><ul>\n<li>Natursand-Strand 200 m vom Campingplatz entfernt.<\/li>\n<li>Badeaufsicht durch einen Rettungsschwimmer w\u00e4hrend der Monate Juli und August.<\/li>\n<\/ul>\n<\/div><span class=\" fusion-imageframe imageframe-none imageframe-2 hover-type-none\"><a href=\"https:\/\/www.campingdelaplage-ardeche.com\/wp-content\/uploads\/plage01.jpg\" class=\"fusion-lightbox\" data-rel=\"iLightbox[loisirssurplace]\" data-title=\"La plage\" title=\"La plage\"><img decoding=\"async\" width=\"300\" height=\"200\" src=\"https:\/\/www.campingdelaplage-ardeche.com\/wp-content\/uploads\/plage01-300x200.jpg\" alt class=\"img-responsive wp-image-755\" srcset=\"https:\/\/www.campingdelaplage-ardeche.com\/wp-content\/uploads\/plage01-200x133.jpg 200w, https:\/\/www.campingdelaplage-ardeche.com\/wp-content\/uploads\/plage01-400x266.jpg 400w, https:\/\/www.campingdelaplage-ardeche.com\/wp-content\/uploads\/plage01-600x400.jpg 600w, https:\/\/www.campingdelaplage-ardeche.com\/wp-content\/uploads\/plage01-800x533.jpg 800w, https:\/\/www.campingdelaplage-ardeche.com\/wp-content\/uploads\/plage01.jpg 1000w\" sizes=\"(max-width: 1000px) 100vw, 800px\" \/><\/a><\/span><div class=\"fusion-clearfix\"><\/div><\/div><\/div><\/div><\/div><div class=\"fusion-fullwidth fullwidth-box fusion-builder-row-3 nonhundred-percent-fullwidth non-hundred-percent-height-scrolling\" style=\"background-color: rgba(255,255,255,0);background-position: center center;background-repeat: no-repeat;padding-top:20px;padding-right:0px;padding-bottom:20px;padding-left:0px;margin-bottom: 0px;margin-top: 0px;border-width: 0px 0px 0px 0px;border-color:#eae9e9;border-style:solid;\" ><div class=\"fusion-builder-row fusion-row\"><div class=\"fusion-layout-column fusion_builder_column fusion-builder-column-3 fusion_builder_column_1_2 1_2 fusion-one-half fusion-column-first bloc-border\" style=\"width:48%; margin-right: 4%;margin-top:0px;margin-bottom:20px;\"><div class=\"fusion-column-wrapper fusion-flex-column-wrapper-legacy\" style=\"background-position:left top;background-repeat:no-repeat;-webkit-background-size:cover;-moz-background-size:cover;-o-background-size:cover;background-size:cover;padding: 0px 0px 0px 0px;\"><style type=\"text\/css\"><\/style><div class=\"fusion-title title fusion-title-4 sep-underline sep-solid fusion-title-text fusion-title-size-two\" style=\"border-bottom-color:#fffcfc;margin-top:0px;margin-right:0px;margin-bottom:31px;margin-left:0px;\"><h2 class=\"title-heading-left\" style=\"margin:0;\">Spiele<\/h2><\/div><div class=\"fusion-text fusion-text-4\"><ul>\n<li>Bouleplatz.<\/li>\n<li>Tischtennisplatte.<\/li>\n<\/ul>\n<\/div><span class=\" fusion-imageframe imageframe-none imageframe-3 hover-type-none\"><a href=\"https:\/\/www.campingdelaplage-ardeche.com\/wp-content\/uploads\/pingpong01.jpg\" class=\"fusion-lightbox\" data-rel=\"iLightbox[loisirssurplace]\" data-title=\"Ping-pong\" title=\"Ping-pong\"><img decoding=\"async\" width=\"300\" height=\"200\" src=\"https:\/\/www.campingdelaplage-ardeche.com\/wp-content\/uploads\/pingpong01-300x200.jpg\" alt class=\"img-responsive wp-image-759\" srcset=\"https:\/\/www.campingdelaplage-ardeche.com\/wp-content\/uploads\/pingpong01-200x133.jpg 200w, https:\/\/www.campingdelaplage-ardeche.com\/wp-content\/uploads\/pingpong01-400x266.jpg 400w, https:\/\/www.campingdelaplage-ardeche.com\/wp-content\/uploads\/pingpong01-600x400.jpg 600w, https:\/\/www.campingdelaplage-ardeche.com\/wp-content\/uploads\/pingpong01-800x533.jpg 800w, https:\/\/www.campingdelaplage-ardeche.com\/wp-content\/uploads\/pingpong01.jpg 1000w\" sizes=\"(max-width: 1000px) 100vw, 800px\" \/><\/a><\/span><div class=\"fusion-clearfix\"><\/div><\/div><\/div><div class=\"fusion-layout-column fusion_builder_column fusion-builder-column-4 fusion_builder_column_1_1 1_1 fusion-one-full fusion-column-last bloc-border\" style=\"margin-top:0px;margin-bottom:20px;\"><div class=\"fusion-column-wrapper fusion-flex-column-wrapper-legacy\" style=\"background-position:left top;background-repeat:no-repeat;-webkit-background-size:cover;-moz-background-size:cover;-o-background-size:cover;background-size:cover;padding: 0px 0px 0px 0px;\"><style type=\"text\/css\"><\/style><div class=\"fusion-title title fusion-title-5 sep-underline sep-solid fusion-title-text fusion-title-size-two no-bottom-border\" style=\"border-bottom-color:#fffcfc;margin-top:0px;margin-right:0px;margin-bottom:31px;margin-left:0px;\"><h2 class=\"title-heading-left\" style=\"margin:0;\">Flussabfahrten mit dem Kanu<\/h2><\/div><div class=\"fusion-builder-row fusion-builder-row-inner fusion-row\"><div class=\"fusion-layout-column fusion_builder_column_inner fusion-builder-nested-column-0 fusion_builder_column_inner_1_2 1_2 fusion-one-half fusion-column-first\" style=\"-;width:50%;width:calc(50% - ( ( 4% ) * 0.5 ) ); margin-right: 4%;margin-top:0px;margin-bottom:20px;\"><div class=\"fusion-column-wrapper fusion-flex-column-wrapper-legacy\" style=\"background-position:left top;background-repeat:no-repeat;-webkit-background-size:cover;-moz-background-size:cover;-o-background-size:cover;background-size:cover;padding: 0px 0px 0px 0px;\"><div class=\"fusion-text fusion-text-5\"><p>Es werden <strong>t\u00e4gliche Kanu-Abfahrten auf der Ard\u00e8che ab dem Campingplatz<\/strong> organisiert.<br \/>\nEs gibt 2 Angebote, eines f\u00fcr Anf\u00e4nger und eines f\u00fcr die Sportlicheren, die R\u00fcckfahrt ist im Preis inbegriffen.<\/p>\n<ul>\n<li>Mini-Abfahrt : 6 km.<\/li>\n<li>Grosse Abfahrt : 24 km.<\/li>\n<li>T\u00e4glich ab 8 Uhr.<\/li>\n<li>Preise : Informationen an der Rezeption.<\/li>\n<\/ul>\n<\/div><div class=\"fusion-clearfix\"><\/div><\/div><\/div><div class=\"fusion-layout-column fusion_builder_column_inner fusion-builder-nested-column-1 fusion_builder_column_inner_1_2 1_2 fusion-one-half fusion-column-last\" style=\"width:50%;width:calc(50% - ( ( 4% ) * 0.5 ) );margin-top:0px;margin-bottom:0px;\"><div class=\"fusion-column-wrapper fusion-flex-column-wrapper-legacy\" style=\"background-position:left top;background-repeat:no-repeat;-webkit-background-size:cover;-moz-background-size:cover;-o-background-size:cover;background-size:cover;padding: 0px 0px 0px 0px;\"><span class=\" fusion-imageframe imageframe-none imageframe-4 hover-type-none\"><a href=\"https:\/\/www.campingdelaplage-ardeche.com\/wp-content\/uploads\/conoe01.jpg\" class=\"fusion-lightbox\" data-rel=\"iLightbox[loisirssurplace]\" data-title=\"Descente en cano\u00eb\" title=\"Descente en cano\u00eb\"><img decoding=\"async\" width=\"300\" height=\"200\" src=\"https:\/\/www.campingdelaplage-ardeche.com\/wp-content\/uploads\/conoe01-300x200.jpg\" alt class=\"img-responsive wp-image-767\" srcset=\"https:\/\/www.campingdelaplage-ardeche.com\/wp-content\/uploads\/conoe01-200x133.jpg 200w, https:\/\/www.campingdelaplage-ardeche.com\/wp-content\/uploads\/conoe01-400x266.jpg 400w, https:\/\/www.campingdelaplage-ardeche.com\/wp-content\/uploads\/conoe01-600x400.jpg 600w, https:\/\/www.campingdelaplage-ardeche.com\/wp-content\/uploads\/conoe01-800x533.jpg 800w, https:\/\/www.campingdelaplage-ardeche.com\/wp-content\/uploads\/conoe01.jpg 1000w\" sizes=\"(max-width: 1000px) 100vw, 800px\" \/><\/a><\/span><div class=\"fusion-clearfix\"><\/div><\/div><\/div><\/div><div class=\"fusion-clearfix\"><\/div><\/div><\/div><\/div><\/div><\/p>\n","protected":false},"excerpt":{"rendered":"","protected":false},"author":1,"featured_media":0,"parent":0,"menu_order":0,"comment_status":"closed","ping_status":"closed","template":"side-navigation.php","meta":{"footnotes":""},"class_list":["post-491","page","type-page","status-publish","hentry"],"_links":{"self":[{"href":"https:\/\/www.campingdelaplage-ardeche.com\/de\/wp-json\/wp\/v2\/pages\/491","targetHints":{"allow":["GET"]}}],"collection":[{"href":"https:\/\/www.campingdelaplage-ardeche.com\/de\/wp-json\/wp\/v2\/pages"}],"about":[{"href":"https:\/\/www.campingdelaplage-ardeche.com\/de\/wp-json\/wp\/v2\/types\/page"}],"author":[{"embeddable":true,"href":"https:\/\/www.campingdelaplage-ardeche.com\/de\/wp-json\/wp\/v2\/users\/1"}],"replies":[{"embeddable":true,"href":"https:\/\/www.campingdelaplage-ardeche.com\/de\/wp-json\/wp\/v2\/comments?post=491"}],"version-history":[{"count":10,"href":"https:\/\/www.campingdelaplage-ardeche.com\/de\/wp-json\/wp\/v2\/pages\/491\/revisions"}],"predecessor-version":[{"id":1010,"href":"https:\/\/www.campingdelaplage-ardeche.com\/de\/wp-json\/wp\/v2\/pages\/491\/revisions\/1010"}],"wp:attachment":[{"href":"https:\/\/www.campingdelaplage-ardeche.com\/de\/wp-json\/wp\/v2\/media?parent=491"}],"curies":[{"name":"wp","href":"https:\/\/api.w.org\/{rel}","templated":true}]}}