{"id":496,"date":"2016-12-14T09:06:32","date_gmt":"2016-12-14T08:06:32","guid":{"rendered":"https:\/\/www.campingdelaplage-ardeche.com\/services-sur-place\/"},"modified":"2026-03-18T11:40:53","modified_gmt":"2026-03-18T10:40:53","slug":"vor-ort-leistungen","status":"publish","type":"page","link":"https:\/\/www.campingdelaplage-ardeche.com\/de\/vor-ort-leistungen\/","title":{"rendered":"Vor-Ort-Leistungen"},"content":{"rendered":"<div class=\"fusion-fullwidth fullwidth-box fusion-builder-row-1 nonhundred-percent-fullwidth non-hundred-percent-height-scrolling\" style=\"background-color: rgba(255,255,255,0);background-position: center center;background-repeat: no-repeat;padding-top:20px;padding-right:0px;padding-bottom:20px;padding-left:0px;margin-bottom: 0px;margin-top: 0px;border-width: 0px 0px 0px 0px;border-color:#eae9e9;border-style:solid;\" ><div class=\"fusion-builder-row fusion-row\"><div class=\"fusion-layout-column fusion_builder_column fusion-builder-column-0 fusion_builder_column_1_1 1_1 fusion-one-full fusion-column-first fusion-column-last\" style=\"margin-top:0px;margin-bottom:20px;\"><div class=\"fusion-column-wrapper fusion-flex-column-wrapper-legacy\" style=\"background-position:left top;background-repeat:no-repeat;-webkit-background-size:cover;-moz-background-size:cover;-o-background-size:cover;background-size:cover;padding: 0px 0px 0px 0px;\"><style type=\"text\/css\"><\/style><div class=\"fusion-title title fusion-title-1 sep-underline sep-solid fusion-title-text fusion-title-size-one\" style=\"border-bottom-color:#fffcfc;margin-top:0px;margin-right:0px;margin-bottom:31px;margin-left:0px;\"><h1 class=\"title-heading-left\" style=\"margin:0;\">Vor-Ort-Leistungen<\/h1><\/div><div class=\"fusion-text fusion-text-1\"><p>Egal, ob Sie ein Mobilhome mieten oder ob Sie auf einem der Stellpl\u00e4tze campen, es stehen Ihnen zahlreiche Serviceleistungen zur Verf\u00fcgung, um Ihren Aufenthalt so angenehm wie m\u00f6glich zu gestalten.<\/p>\n<\/div><div class=\"fusion-clearfix\"><\/div><\/div><\/div><div class=\"fusion-layout-column fusion_builder_column fusion-builder-column-1 fusion_builder_column_1_2 1_2 fusion-one-half fusion-column-first bloc-border\" style=\"-;width:50%;width:calc(50% - ( ( 4% ) * 0.5 ) ); margin-right: 4%;margin-top:0px;margin-bottom:20px;\"><div class=\"fusion-column-wrapper fusion-flex-column-wrapper-legacy\" style=\"background-position:left top;background-repeat:no-repeat;-webkit-background-size:cover;-moz-background-size:cover;-o-background-size:cover;background-size:cover;padding: 0px 0px 0px 0px;\"><style type=\"text\/css\"><\/style><div class=\"fusion-title title fusion-title-2 sep-underline sep-solid fusion-title-text fusion-title-size-two\" style=\"border-bottom-color:#fffcfc;margin-top:0px;margin-right:0px;margin-bottom:31px;margin-left:0px;\"><h2 class=\"title-heading-left\" style=\"margin:0;\">Stellpl\u00e4tze<\/h2><\/div><div class=\"fusion-text fusion-text-2\"><ul>\n<li>1 Stromanschluss f\u00fcr 6 Stellpl\u00e4tze.<\/li>\n<li>Stromanschluss-Verkauf (europ\u00e4ische Norm).<\/li>\n<\/ul>\n<\/div><span class=\" fusion-imageframe imageframe-none imageframe-1 hover-type-none\"><a href=\"https:\/\/www.campingdelaplage-ardeche.com\/wp-content\/uploads\/emplacements01.jpg\" class=\"fusion-lightbox\" data-rel=\"iLightbox[servicessurplace]\" data-title=\"Les emplacements\" title=\"Les emplacements\"><img decoding=\"async\" width=\"600\" height=\"400\" src=\"https:\/\/www.campingdelaplage-ardeche.com\/wp-content\/uploads\/emplacements01-600x400.jpg\" alt class=\"img-responsive wp-image-779\" srcset=\"https:\/\/www.campingdelaplage-ardeche.com\/wp-content\/uploads\/emplacements01-200x133.jpg 200w, https:\/\/www.campingdelaplage-ardeche.com\/wp-content\/uploads\/emplacements01-400x266.jpg 400w, https:\/\/www.campingdelaplage-ardeche.com\/wp-content\/uploads\/emplacements01-600x400.jpg 600w, https:\/\/www.campingdelaplage-ardeche.com\/wp-content\/uploads\/emplacements01-800x533.jpg 800w, https:\/\/www.campingdelaplage-ardeche.com\/wp-content\/uploads\/emplacements01.jpg 1000w\" sizes=\"(max-width: 1000px) 100vw, 800px\" \/><\/a><\/span><div class=\"fusion-clearfix\"><\/div><\/div><\/div><div class=\"fusion-layout-column fusion_builder_column fusion-builder-column-2 fusion_builder_column_1_2 1_2 fusion-one-half fusion-column-last bloc-border\" style=\"width:50%;width:calc(50% - ( ( 4% ) * 0.5 ) );margin-top:0px;margin-bottom:20px;\"><div class=\"fusion-column-wrapper fusion-flex-column-wrapper-legacy\" style=\"background-position:left top;background-repeat:no-repeat;-webkit-background-size:cover;-moz-background-size:cover;-o-background-size:cover;background-size:cover;padding: 0px 0px 0px 0px;\"><style type=\"text\/css\"><\/style><div class=\"fusion-title title fusion-title-3 sep-underline sep-solid fusion-title-text fusion-title-size-two\" style=\"border-bottom-color:#fffcfc;margin-top:0px;margin-right:0px;margin-bottom:31px;margin-left:0px;\"><h2 class=\"title-heading-left\" style=\"margin:0;\">2 Sanit\u00e4ranlagen<\/h2><\/div><div class=\"fusion-text fusion-text-3\"><ul>\n<li>Duschen mit warmem Wasser.<\/li>\n<li>Waschbecken mit Spiegel und Steckdose.<\/li>\n<li>1 komplette Anlage f\u00fcr Personen mit eingeschr\u00e4nkter Mobilit\u00e4t (Dusche, Waschbecken, WC).<\/li>\n<li>1 Wickelraum mit Badewanne und Wickelauflage.<\/li>\n<li>Sp\u00fclbecken.<\/li>\n<li>W\u00e4schekorb.<\/li>\n<li>Waschmaschinen (M\u00fcnzen und Waschpulver k\u00f6nnen an der Rezeption gekauft werden).<\/li>\n<\/ul>\n<\/div><span class=\" fusion-imageframe imageframe-none imageframe-2 hover-type-none\"><a href=\"https:\/\/www.campingdelaplage-ardeche.com\/wp-content\/uploads\/sanitaires01.jpg\" class=\"fusion-lightbox\" data-rel=\"iLightbox[servicessurplace]\" data-title=\"Les sanitaires\" title=\"Les sanitaires\"><img decoding=\"async\" width=\"600\" height=\"400\" src=\"https:\/\/www.campingdelaplage-ardeche.com\/wp-content\/uploads\/sanitaires01-600x400.jpg\" alt class=\"img-responsive wp-image-781\" srcset=\"https:\/\/www.campingdelaplage-ardeche.com\/wp-content\/uploads\/sanitaires01-200x133.jpg 200w, https:\/\/www.campingdelaplage-ardeche.com\/wp-content\/uploads\/sanitaires01-400x266.jpg 400w, https:\/\/www.campingdelaplage-ardeche.com\/wp-content\/uploads\/sanitaires01-600x400.jpg 600w, https:\/\/www.campingdelaplage-ardeche.com\/wp-content\/uploads\/sanitaires01-800x533.jpg 800w, https:\/\/www.campingdelaplage-ardeche.com\/wp-content\/uploads\/sanitaires01.jpg 1000w\" sizes=\"(max-width: 1000px) 100vw, 800px\" \/><\/a><\/span><div class=\"fusion-clearfix\"><\/div><\/div><\/div><div class=\"fusion-layout-column fusion_builder_column fusion-builder-column-3 fusion_builder_column_1_2 1_2 fusion-one-half fusion-column-first bloc-border\" style=\"-;width:50%;width:calc(50% - ( ( 4% ) * 0.5 ) ); margin-right: 4%;margin-top:0px;margin-bottom:20px;\"><div class=\"fusion-column-wrapper fusion-flex-column-wrapper-legacy\" style=\"background-position:left top;background-repeat:no-repeat;-webkit-background-size:cover;-moz-background-size:cover;-o-background-size:cover;background-size:cover;padding: 0px 0px 0px 0px;\"><style type=\"text\/css\"><\/style><div class=\"fusion-title title fusion-title-4 sep-underline sep-solid fusion-title-text fusion-title-size-two\" style=\"border-bottom-color:#fffcfc;margin-top:0px;margin-right:0px;margin-bottom:31px;margin-left:0px;\"><h2 class=\"title-heading-left\" style=\"margin:0;\">Bar<\/h2><\/div><div class=\"fusion-text fusion-text-4\"><ul>\n<li>Bar ge\u00f6ffnet von 8:30 bis 12:00 Uhr und von 14:00 bis 19:00 Uhr\n<ul>\n<li>Getr\u00e4nke \/ Eis.<\/li>\n<li>Brath\u00e4hnchen (zum Mitnehmen).<\/li>\n<\/ul>\n<\/li>\n<li>Lebensmittelgesch\u00e4ft mit regionalen Produkten.<\/li>\n<li>Brot und Geb\u00e4ck nur in der Hauptsaison erh\u00e4ltlich.<\/li>\n<\/ul>\n<\/div><span class=\" fusion-imageframe imageframe-none imageframe-3 hover-type-none\"><a href=\"https:\/\/www.campingdelaplage-ardeche.com\/wp-content\/uploads\/snack01.jpg\" class=\"fusion-lightbox\" data-rel=\"iLightbox[servicessurplace]\" data-title=\"Le snack\" title=\"Le snack\"><img decoding=\"async\" width=\"300\" height=\"200\" src=\"https:\/\/www.campingdelaplage-ardeche.com\/wp-content\/uploads\/snack01-300x200.jpg\" alt class=\"img-responsive wp-image-783\" srcset=\"https:\/\/www.campingdelaplage-ardeche.com\/wp-content\/uploads\/snack01-200x133.jpg 200w, https:\/\/www.campingdelaplage-ardeche.com\/wp-content\/uploads\/snack01-400x266.jpg 400w, https:\/\/www.campingdelaplage-ardeche.com\/wp-content\/uploads\/snack01-600x400.jpg 600w, https:\/\/www.campingdelaplage-ardeche.com\/wp-content\/uploads\/snack01-800x533.jpg 800w, https:\/\/www.campingdelaplage-ardeche.com\/wp-content\/uploads\/snack01.jpg 1000w\" sizes=\"(max-width: 1000px) 100vw, 800px\" \/><\/a><\/span><div class=\"fusion-clearfix\"><\/div><\/div><\/div><div class=\"fusion-layout-column fusion_builder_column fusion-builder-column-4 fusion_builder_column_1_2 1_2 fusion-one-half fusion-column-last bloc-border\" style=\"width:50%;width:calc(50% - ( ( 4% ) * 0.5 ) );margin-top:0px;margin-bottom:20px;\"><div class=\"fusion-column-wrapper fusion-flex-column-wrapper-legacy\" style=\"background-position:left top;background-repeat:no-repeat;-webkit-background-size:cover;-moz-background-size:cover;-o-background-size:cover;background-size:cover;padding: 0px 0px 0px 0px;\"><style type=\"text\/css\"><\/style><div class=\"fusion-title title fusion-title-5 sep-underline sep-solid fusion-title-text fusion-title-size-two\" style=\"border-bottom-color:#fffcfc;margin-top:0px;margin-right:0px;margin-bottom:31px;margin-left:0px;\"><h2 class=\"title-heading-left\" style=\"margin:0;\">Verschiedenes<\/h2><\/div><div class=\"fusion-text fusion-text-5\"><ul>\n<li>W-lan auf dem gesamten Campingplatz.<\/li>\n<li>Postkarten, Magnete und Handy-Zubeh\u00f6r sind erh\u00e4ltlich.<\/li>\n<li>Touristisches Material erh\u00e4ltlich.<\/li>\n<\/ul>\n<\/div><span class=\" fusion-imageframe imageframe-none imageframe-4 hover-type-none\"><a href=\"https:\/\/www.campingdelaplage-ardeche.com\/wp-content\/uploads\/lecamping01.jpg\" class=\"fusion-lightbox\" data-rel=\"iLightbox[servicessurplace]\" data-title=\"Le camping\" title=\"Le camping\"><img decoding=\"async\" width=\"300\" height=\"200\" src=\"https:\/\/www.campingdelaplage-ardeche.com\/wp-content\/uploads\/lecamping01-300x200.jpg\" alt class=\"img-responsive wp-image-785\" srcset=\"https:\/\/www.campingdelaplage-ardeche.com\/wp-content\/uploads\/lecamping01-200x133.jpg 200w, https:\/\/www.campingdelaplage-ardeche.com\/wp-content\/uploads\/lecamping01-400x266.jpg 400w, https:\/\/www.campingdelaplage-ardeche.com\/wp-content\/uploads\/lecamping01-600x400.jpg 600w, https:\/\/www.campingdelaplage-ardeche.com\/wp-content\/uploads\/lecamping01-800x533.jpg 800w, https:\/\/www.campingdelaplage-ardeche.com\/wp-content\/uploads\/lecamping01.jpg 1000w\" sizes=\"(max-width: 1000px) 100vw, 800px\" \/><\/a><\/span><div class=\"fusion-clearfix\"><\/div><\/div><\/div><\/div><\/div>\n","protected":false},"excerpt":{"rendered":"","protected":false},"author":1,"featured_media":0,"parent":0,"menu_order":0,"comment_status":"closed","ping_status":"closed","template":"side-navigation.php","meta":{"footnotes":""},"class_list":["post-496","page","type-page","status-publish","hentry"],"_links":{"self":[{"href":"https:\/\/www.campingdelaplage-ardeche.com\/de\/wp-json\/wp\/v2\/pages\/496","targetHints":{"allow":["GET"]}}],"collection":[{"href":"https:\/\/www.campingdelaplage-ardeche.com\/de\/wp-json\/wp\/v2\/pages"}],"about":[{"href":"https:\/\/www.campingdelaplage-ardeche.com\/de\/wp-json\/wp\/v2\/types\/page"}],"author":[{"embeddable":true,"href":"https:\/\/www.campingdelaplage-ardeche.com\/de\/wp-json\/wp\/v2\/users\/1"}],"replies":[{"embeddable":true,"href":"https:\/\/www.campingdelaplage-ardeche.com\/de\/wp-json\/wp\/v2\/comments?post=496"}],"version-history":[{"count":6,"href":"https:\/\/www.campingdelaplage-ardeche.com\/de\/wp-json\/wp\/v2\/pages\/496\/revisions"}],"predecessor-version":[{"id":1006,"href":"https:\/\/www.campingdelaplage-ardeche.com\/de\/wp-json\/wp\/v2\/pages\/496\/revisions\/1006"}],"wp:attachment":[{"href":"https:\/\/www.campingdelaplage-ardeche.com\/de\/wp-json\/wp\/v2\/media?parent=496"}],"curies":[{"name":"wp","href":"https:\/\/api.w.org\/{rel}","templated":true}]}}