{"id":512,"date":"2016-12-02T12:05:22","date_gmt":"2016-12-02T11:05:22","guid":{"rendered":"https:\/\/www.campingdelaplage-ardeche.com\/page-d-exemple\/"},"modified":"2026-03-18T15:51:54","modified_gmt":"2026-03-18T14:51:54","slug":"page-d-exemple","status":"publish","type":"page","link":"https:\/\/www.campingdelaplage-ardeche.com\/de\/","title":{"rendered":"Accueil DE"},"content":{"rendered":"<p><div class=\"fusion-fullwidth fullwidth-box fusion-builder-row-1 nonhundred-percent-fullwidth non-hundred-percent-height-scrolling fusion-equal-height-columns\" style=\"background-color: #d30028;background-position: center center;background-repeat: no-repeat;padding-top:0px;padding-right:0px;padding-bottom:0px;padding-left:0px;border-width: 0px 0px 0px 0px;border-color:#eae9e9;border-style:solid;\" ><div class=\"fusion-builder-row fusion-row\"><div class=\"fusion-layout-column fusion_builder_column fusion-builder-column-0 fusion_builder_column_2_3 2_3 fusion-two-third fusion-column-first bloc-txt-color\" style=\"-;width:66.666666666667%;width:calc(66.666666666667% - ( ( 0px ) * 0.66666666666667 ) ); margin-right: 0px;margin-top:30px;margin-bottom:30px;\"><div class=\"fusion-column-wrapper fusion-flex-column-wrapper-legacy\" style=\"background-position:left top;background-repeat:no-repeat;-webkit-background-size:cover;-moz-background-size:cover;-o-background-size:cover;background-size:cover;padding: 0px 30px 0px 30px;\"><div class=\"fusion-column-content-centered\"><div class=\"fusion-column-content\"><div class=\"fusion-text fusion-text-1\"><p>Der Camping de la Plage l\u00e4dt Sie zu einem Aufenthalt im Herzen der herrlichen Region der s\u00fcdlichen Ard\u00e8che ein und liegt 2 km entfernt vom Ort Saint Just d&#8217;Ard\u00e8che.<\/p>\n<p>Der Platz befindet sich in einer schattigen Umgebung und bietet Ihnen 118 Stellpl\u00e4tze sowie 12 Mobilhomes an (teilweise mit Klimaanlage).<\/p>\n<p>Hier k\u00f6nnen Sie in einer famili\u00e4ren Atmosph\u00e4re jeden einzelnen Tag Ihrer Ferien in der Sonne genie\u00dfen, um sich zu entspannen oder sich im Swimmingpool des Campings oder im Fluss, dessen Strand nur 200 m entfernt liegt, erfrischen.<\/p>\n<p>Wir freuen uns, Sie von 8:30 bis 12:00 Uhr und von 14:00 bis 19:00 Uhr begr\u00fc\u00dfen zu d\u00fcrfen.<\/p>\n<p>In unmittelbarer N\u00e4he der Gorges de l&#8217;Ard\u00e8che, die nat\u00fcrlich ein Mu\u00df f\u00fcr jeden Gast sind, finden Sie eine faszinierende Palette an Aktivit\u00e4ten f\u00fcr alle, die das Abenteuer lieben oder wunderbare Landschaften erkunden m\u00f6chten.<\/p>\n<p style=\"text-align: center;\"><em>Unser Campingplatz ist f\u00fcr Menschen mit Behinderungen zug\u00e4nglich, mit Ausnahme von Bade- und Mobilheimen.<\/em><\/p>\n<\/div><\/div><\/div><div class=\"fusion-clearfix\"><\/div><\/div><\/div><div class=\"fusion-layout-column fusion_builder_column fusion-builder-column-1 fusion_builder_column_1_3 1_3 fusion-one-third fusion-column-last bloc-link\" style=\"width:33.333333333333%;width:calc(33.333333333333% - ( ( 0px ) * 0.33333333333333 ) );margin-top:30px;margin-bottom:30px;\"><div class=\"fusion-column-wrapper fusion-flex-column-wrapper-legacy\" style=\"background-position:left top;background-repeat:no-repeat;-webkit-background-size:cover;-moz-background-size:cover;-o-background-size:cover;background-size:cover;padding: 0px 0px 0px 0px;\"><div class=\"fusion-column-content-centered\"><div class=\"fusion-column-content\"><div class=\"fusion-aligncenter\"><style>.fusion-button.button-1{border-radius:2px 2px 2px 2px;}<\/style><a class=\"fusion-button button-flat fusion-button-default-size button-default button-1 fusion-button-default-span fusion-button-default-type fusion-animated\" data-animationType=\"slideInRight\" data-animationDuration=\"0.6\" data-animationOffset=\"top-into-view\" target=\"_self\" href=\"\/de\/die-mobilhomes\/\"><span class=\"fusion-button-text\">Vermietung von Mobil- Homes<\/span><\/a><\/div><div class=\"fusion-aligncenter\"><style>.fusion-button.button-2{border-radius:2px 2px 2px 2px;}<\/style><a class=\"fusion-button button-flat fusion-button-default-size button-default button-2 fusion-button-default-span fusion-button-default-type fusion-animated\" data-animationType=\"slideInRight\" data-animationDuration=\"0.8\" data-animationOffset=\"top-into-view\" target=\"_self\" href=\"\/de\/die-stellplatze\/\"><span class=\"fusion-button-text\">Schattige Stellpl\u00e4tze<\/span><\/a><\/div><div class=\"fusion-aligncenter\"><style>.fusion-button.button-3{border-radius:2px 2px 2px 2px;}<\/style><a class=\"fusion-button button-flat fusion-button-default-size button-default button-3 fusion-button-default-span fusion-button-default-type fusion-animated\" data-animationType=\"slideInRight\" data-animationDuration=\"1.0\" data-animationOffset=\"top-into-view\" target=\"_self\" href=\"\/de\/vor-ort-leistungen\/\"><span class=\"fusion-button-text\">Baden und Freizeitangebote<\/span><\/a><\/div><\/div><\/div><div class=\"fusion-clearfix\"><\/div><\/div><\/div><\/div><\/div><div class=\"fusion-fullwidth fullwidth-box fusion-builder-row-2 gmap-fullwidth hundred-percent-fullwidth non-hundred-percent-height-scrolling\" style=\"background-color: rgba(255,255,255,0);background-position: center center;background-repeat: no-repeat;padding-top:0px;padding-right:0px;padding-bottom:0px;padding-left:0px;border-width: 0px 0px 0px 0px;border-color:#eae9e9;border-style:solid;\" ><div class=\"fusion-builder-row fusion-row\"><div class=\"fusion-layout-column fusion_builder_column fusion-builder-column-2 fusion_builder_column_1_1 1_1 fusion-one-full fusion-column-first fusion-column-last\" style=\"margin-top:0px;margin-bottom:0px;\"><div class=\"fusion-column-wrapper fusion-flex-column-wrapper-legacy\" style=\"background-position:left top;background-repeat:no-repeat;-webkit-background-size:cover;-moz-background-size:cover;-o-background-size:cover;background-size:cover;padding: 0px 0px 0px 0px;\">\t\t\t\t\t<script type=\"text\/javascript\">\n\t\t\t\t\t\tvar map_fusion_map_69f6c3a948bee;\n\t\t\t\t\t\tvar markers = [];\n\t\t\t\t\t\tvar counter = 0;\n\t\t\t\t\t\t\t\t\t\t\t\t\t\t\t\t\t\t\t\tvar fusionMapNonce = 'dc35105e1d';\n\t\t\t\t\t\t\t\t\t\t\t\tfunction fusion_run_map_fusion_map_69f6c3a948bee() {\n\t\t\t\t\t\t\tjQuery('#fusion_map_69f6c3a948bee').fusion_maps({\n\t\t\t\t\t\t\t\taddresses: [{\"address\":\"44.281502,4.615164\",\"infobox_content\":\"<span>Camping de La Plage<\\\/span><br>\\n285 chemin du Pont Cass\\u00e9<br>\\n07700 Saint Just d\\u2019Ard\\u00e8che<br>\\n<span>+33 (0)6 66 88 41 81<\\\/span>\",\"coordinates\":true,\"latitude\":\"44.281502\",\"longitude\":\"4.615164\",\"cache\":true,\"geocoded_address\":\"44.281502,4.615164\"}],\n\t\t\t\t\t\t\t\tanimations: true,\n\t\t\t\t\t\t\t\tinfobox_background_color: '',\n\t\t\t\t\t\t\t\tinfobox_styling: 'default',\n\t\t\t\t\t\t\t\tinfobox_text_color: '',\n\t\t\t\t\t\t\t\tmap_style: 'custom',\n\t\t\t\t\t\t\t\tmap_type: 'roadmap',\n\t\t\t\t\t\t\t\tmarker_icon: '',\n\t\t\t\t\t\t\t\toverlay_color: '',\n\t\t\t\t\t\t\t\toverlay_color_hsl: {\"hue\":0,\"sat\":0,\"lum\":100},\n\t\t\t\t\t\t\t\tpan_control: true,\n\t\t\t\t\t\t\t\tshow_address: true,\n\t\t\t\t\t\t\t\tscale_control: true,\n\t\t\t\t\t\t\t\tscrollwheel: false,\n\t\t\t\t\t\t\t\tzoom: 13,\n\t\t\t\t\t\t\t\tzoom_control: true,\n\t\t\t\t\t\t\t});\n\t\t\t\t\t\t}\n\n\t\t\t\t\t\tgoogle.maps.event.addDomListener(window, 'load', fusion_run_map_fusion_map_69f6c3a948bee);\n\t\t\t\t\t<\/script>\n\t\t\t\t\t<div class=\"shortcode-map fusion-google-map fusion-maps-js-type\" id=\"fusion_map_69f6c3a948bee\" style=\"height:550px;width:100%;\"><\/div><div class=\"fusion-clearfix\"><\/div><\/div><\/div><\/div><\/div><\/p>\n","protected":false},"excerpt":{"rendered":"","protected":false},"author":1,"featured_media":0,"parent":0,"menu_order":0,"comment_status":"closed","ping_status":"closed","template":"100-width.php","meta":{"footnotes":""},"class_list":["post-512","page","type-page","status-publish","hentry"],"_links":{"self":[{"href":"https:\/\/www.campingdelaplage-ardeche.com\/de\/wp-json\/wp\/v2\/pages\/512","targetHints":{"allow":["GET"]}}],"collection":[{"href":"https:\/\/www.campingdelaplage-ardeche.com\/de\/wp-json\/wp\/v2\/pages"}],"about":[{"href":"https:\/\/www.campingdelaplage-ardeche.com\/de\/wp-json\/wp\/v2\/types\/page"}],"author":[{"embeddable":true,"href":"https:\/\/www.campingdelaplage-ardeche.com\/de\/wp-json\/wp\/v2\/users\/1"}],"replies":[{"embeddable":true,"href":"https:\/\/www.campingdelaplage-ardeche.com\/de\/wp-json\/wp\/v2\/comments?post=512"}],"version-history":[{"count":9,"href":"https:\/\/www.campingdelaplage-ardeche.com\/de\/wp-json\/wp\/v2\/pages\/512\/revisions"}],"predecessor-version":[{"id":1034,"href":"https:\/\/www.campingdelaplage-ardeche.com\/de\/wp-json\/wp\/v2\/pages\/512\/revisions\/1034"}],"wp:attachment":[{"href":"https:\/\/www.campingdelaplage-ardeche.com\/de\/wp-json\/wp\/v2\/media?parent=512"}],"curies":[{"name":"wp","href":"https:\/\/api.w.org\/{rel}","templated":true}]}}